{"id":711,"date":"2024-12-03T12:48:03","date_gmt":"2024-12-03T11:48:03","guid":{"rendered":"https:\/\/jumpers.work\/carolinagraffigna\/?page_id=711"},"modified":"2025-05-13T11:38:16","modified_gmt":"2025-05-13T09:38:16","slug":"tienda","status":"publish","type":"page","link":"https:\/\/carolinagraffigna.com\/en\/tienda\/","title":{"rendered":"Winelover"},"content":{"rendered":"<div data-elementor-type=\"wp-page\" data-elementor-id=\"711\" class=\"elementor elementor-711\" data-elementor-post-type=\"page\">\n\t\t\t\t<div class=\"elementor-element elementor-element-d60dac8 e-con-full e-flex e-con e-parent\" data-id=\"d60dac8\" data-element_type=\"container\" data-settings=\"{&quot;background_background&quot;:&quot;classic&quot;}\">\n\t\t<div class=\"elementor-element elementor-element-426550a e-con-full e-flex e-con e-child\" data-id=\"426550a\" data-element_type=\"container\">\n\t\t\t\t<div class=\"elementor-element elementor-element-b23c864 animated-slow eael-dual-header-content-align-left elementor-invisible elementor-widget elementor-widget-eael-dual-color-header\" data-id=\"b23c864\" data-element_type=\"widget\" data-settings=\"{&quot;_animation&quot;:&quot;fadeInDown&quot;,&quot;_animation_delay&quot;:50}\" data-widget_type=\"eael-dual-color-header.default\">\n\t\t\t\t<div class=\"elementor-widget-container\">\n\t\t\t\t\t\t\t\t<div class=\"eael-dual-header\">\n\t\t\t\t<h2 class=\"title eael-dch-title\"><span class=\"eael-dch-title-text eael-dch-title-lead lead solid-color\">THE<\/span> <span class=\"eael-dch-title-text\">despensa<\/span><\/h2>\t\t\t<\/div>\n\n\t\t\t\t\t\t<\/div>\n\t\t\t\t<\/div>\n\t\t\t\t<div class=\"elementor-element elementor-element-a93cd1c elementor-view-default elementor-invisible elementor-widget elementor-widget-icon\" data-id=\"a93cd1c\" data-element_type=\"widget\" data-settings=\"{&quot;_animation&quot;:&quot;fadeInUp&quot;}\" data-widget_type=\"icon.default\">\n\t\t\t\t<div class=\"elementor-widget-container\">\n\t\t\t\t\t\t\t<div class=\"elementor-icon-wrapper\">\n\t\t\t<div class=\"elementor-icon\">\n\t\t\t<svg xmlns=\"http:\/\/www.w3.org\/2000\/svg\" xmlns:xlink=\"http:\/\/www.w3.org\/1999\/xlink\" id=\"Capa_1\" x=\"0px\" y=\"0px\" viewbox=\"0 0 77.5 64.8\" style=\"enable-background:new 0 0 77.5 64.8;\" xml:space=\"preserve\"><style type=\"text\/css\">\t.st0{fill:#92004D;}<\/style><g id=\"Capa_2_1_\">\t<g id=\"Capa_1-2\">\t\t<path class=\"st0\" d=\"M7.2,57.8l-3.9-5.5c13.8-12.4,16.3-26.8,7-43.2l5.4-3.8c7.3,10.2,8.7,21.3,5.4,33.8L69,4.3l4.1,5.7L24.9,44.9   c9.4,0.5,17.2,3,23.8,8.5c2.5,2.1,4.6,4.5,7.1,7l-5.6,4C34.9,50,24.6,48.4,7.2,57.8z\"><\/path>\t<\/g><\/g><\/svg>\t\t\t<\/div>\n\t\t<\/div>\n\t\t\t\t\t\t<\/div>\n\t\t\t\t<\/div>\n\t\t\t\t<\/div>\n\t\t\t\t<\/div>\n\t\t<div class=\"elementor-element elementor-element-50ae61e e-con-full e-flex e-con e-parent\" data-id=\"50ae61e\" data-element_type=\"container\" data-settings=\"{&quot;background_background&quot;:&quot;classic&quot;}\">\n\t\t<div class=\"elementor-element elementor-element-62bbeed e-con-full e-flex e-con e-child\" data-id=\"62bbeed\" data-element_type=\"container\">\n\t\t\t\t<div class=\"elementor-element elementor-element-0eacf53 elementor-widget elementor-widget-heading\" data-id=\"0eacf53\" data-element_type=\"widget\" data-widget_type=\"heading.default\">\n\t\t\t\t<div class=\"elementor-widget-container\">\n\t\t\t\t\t<h2 class=\"elementor-heading-title elementor-size-default\">Where I keep the special treasures for wine lovers.\n<\/h2>\t\t\t\t<\/div>\n\t\t\t\t<\/div>\n\t\t\t\t<div class=\"elementor-element elementor-element-af69623 elementor-widget__width-initial elementor-widget elementor-widget-text-editor\" data-id=\"af69623\" data-element_type=\"widget\" data-widget_type=\"text-editor.default\">\n\t\t\t\t<div class=\"elementor-widget-container\">\n\t\t\t\t\t\t\t\t\t<p><span style=\"font-weight: 400;\">In this pantry you will find the essentials for any winelover: exclusive products that combine design and passion for wine. From decorative posters to unique accessories, here's everything you need to enjoy a stylish approach to the world of wine.<\/span><\/p>\t\t\t\t\t\t\t\t<\/div>\n\t\t\t\t<\/div>\n\t\t\t\t<div class=\"elementor-element elementor-element-43d7c4b elementor-align-left elementor-widget elementor-widget-button\" data-id=\"43d7c4b\" data-element_type=\"widget\" data-widget_type=\"button.default\">\n\t\t\t\t<div class=\"elementor-widget-container\">\n\t\t\t\t\t\t\t\t\t<div class=\"elementor-button-wrapper\">\n\t\t\t\t\t<a class=\"elementor-button elementor-button-link elementor-size-sm\" href=\"https:\/\/www.redbubble.com\/people\/CaroGraffigna\/explore?page=1&#038;sortOrder=recent\" target=\"_blank\">\n\t\t\t\t\t\t<span class=\"elementor-button-content-wrapper\">\n\t\t\t\t\t\t\t\t\t<span class=\"elementor-button-text\">Explores the pantry<\/span>\n\t\t\t\t\t<\/span>\n\t\t\t\t\t<\/a>\n\t\t\t\t<\/div>\n\t\t\t\t\t\t\t\t<\/div>\n\t\t\t\t<\/div>\n\t\t\t\t<\/div>\n\t\t<div class=\"elementor-element elementor-element-6d75870 e-con-full e-flex e-con e-child\" data-id=\"6d75870\" data-element_type=\"container\" data-settings=\"{&quot;background_background&quot;:&quot;classic&quot;}\">\n\t\t\t\t<div class=\"elementor-element elementor-element-69ec314 elementor-widget elementor-widget-spacer\" data-id=\"69ec314\" data-element_type=\"widget\" data-widget_type=\"spacer.default\">\n\t\t\t\t<div class=\"elementor-widget-container\">\n\t\t\t\t\t\t\t<div class=\"elementor-spacer\">\n\t\t\t<div class=\"elementor-spacer-inner\"><\/div>\n\t\t<\/div>\n\t\t\t\t\t\t<\/div>\n\t\t\t\t<\/div>\n\t\t\t\t<\/div>\n\t\t\t\t<\/div>\n\t\t<div class=\"elementor-element elementor-element-12b2f0d e-flex e-con-boxed e-con e-parent\" data-id=\"12b2f0d\" data-element_type=\"container\" data-settings=\"{&quot;background_background&quot;:&quot;classic&quot;}\">\n\t\t\t\t\t<div class=\"e-con-inner\">\n\t\t\t\t<div class=\"elementor-element elementor-element-f0555c7 elementor-widget elementor-widget-heading\" data-id=\"f0555c7\" data-element_type=\"widget\" data-widget_type=\"heading.default\">\n\t\t\t\t<div class=\"elementor-widget-container\">\n\t\t\t\t\t<h2 class=\"elementor-heading-title elementor-size-default\">LET'S TALK!<\/h2>\t\t\t\t<\/div>\n\t\t\t\t<\/div>\n\t\t\t\t<div class=\"elementor-element elementor-element-876202c elementor-shape-rounded elementor-grid-0 e-grid-align-center elementor-widget elementor-widget-social-icons\" data-id=\"876202c\" data-element_type=\"widget\" data-widget_type=\"social-icons.default\">\n\t\t\t\t<div class=\"elementor-widget-container\">\n\t\t\t\t\t\t\t<div class=\"elementor-social-icons-wrapper elementor-grid\" role=\"list\">\n\t\t\t\t\t\t\t<span class=\"elementor-grid-item\" role=\"listitem\">\n\t\t\t\t\t<a class=\"elementor-icon elementor-social-icon elementor-social-icon-whatsapp elementor-repeater-item-2e016e3\" href=\"https:\/\/wa.me\/34633446441\" target=\"_blank\">\n\t\t\t\t\t\t<span class=\"elementor-screen-only\">Whatsapp<\/span>\n\t\t\t\t\t\t<svg class=\"e-font-icon-svg e-fab-whatsapp\" viewbox=\"0 0 448 512\" xmlns=\"http:\/\/www.w3.org\/2000\/svg\"><path d=\"M380.9 97.1C339 55.1 283.2 32 223.9 32c-122.4 0-222 99.6-222 222 0 39.1 10.2 77.3 29.6 111L0 480l117.7-30.9c32.4 17.7 68.9 27 106.1 27h.1c122.3 0 224.1-99.6 224.1-222 0-59.3-25.2-115-67.1-157zm-157 341.6c-33.2 0-65.7-8.9-94-25.7l-6.7-4-69.8 18.3L72 359.2l-4.4-7c-18.5-29.4-28.2-63.3-28.2-98.2 0-101.7 82.8-184.5 184.6-184.5 49.3 0 95.6 19.2 130.4 54.1 34.8 34.9 56.2 81.2 56.1 130.5 0 101.8-84.9 184.6-186.6 184.6zm101.2-138.2c-5.5-2.8-32.8-16.2-37.9-18-5.1-1.9-8.8-2.8-12.5 2.8-3.7 5.6-14.3 18-17.6 21.8-3.2 3.7-6.5 4.2-12 1.4-32.6-16.3-54-29.1-75.5-66-5.7-9.8 5.7-9.1 16.3-30.3 1.8-3.7.9-6.9-.5-9.7-1.4-2.8-12.5-30.1-17.1-41.2-4.5-10.8-9.1-9.3-12.5-9.5-3.2-.2-6.9-.2-10.6-.2-3.7 0-9.7 1.4-14.8 6.9-5.1 5.6-19.4 19-19.4 46.3 0 27.3 19.9 53.7 22.6 57.4 2.8 3.7 39.1 59.7 94.8 83.8 35.2 15.2 49 16.5 66.6 13.9 10.7-1.6 32.8-13.4 37.4-26.4 4.6-13 4.6-24.1 3.2-26.4-1.3-2.5-5-3.9-10.5-6.6z\"><\/path><\/svg>\t\t\t\t\t<\/a>\n\t\t\t\t<\/span>\n\t\t\t\t\t\t\t<span class=\"elementor-grid-item\" role=\"listitem\">\n\t\t\t\t\t<a class=\"elementor-icon elementor-social-icon elementor-social-icon-phone elementor-repeater-item-70dfe53\" href=\"tel:%20+34%20633446441\" target=\"_blank\">\n\t\t\t\t\t\t<span class=\"elementor-screen-only\">Phone<\/span>\n\t\t\t\t\t\t<svg class=\"e-font-icon-svg e-fas-phone\" viewbox=\"0 0 512 512\" xmlns=\"http:\/\/www.w3.org\/2000\/svg\"><path d=\"M493.4 24.6l-104-24c-11.3-2.6-22.9 3.3-27.5 13.9l-48 112c-4.2 9.8-1.4 21.3 6.9 28l60.6 49.6c-36 76.7-98.9 140.5-177.2 177.2l-49.6-60.6c-6.8-8.3-18.2-11.1-28-6.9l-112 48C3.9 366.5-2 378.1.6 389.4l24 104C27.1 504.2 36.7 512 48 512c256.1 0 464-207.5 464-464 0-11.2-7.7-20.9-18.6-23.4z\"><\/path><\/svg>\t\t\t\t\t<\/a>\n\t\t\t\t<\/span>\n\t\t\t\t\t\t\t<span class=\"elementor-grid-item\" role=\"listitem\">\n\t\t\t\t\t<a class=\"elementor-icon elementor-social-icon elementor-social-icon-envelope elementor-repeater-item-0e770fe\" href=\"mailto:%20hola@carolinagraffigna.com\" target=\"_blank\">\n\t\t\t\t\t\t<span class=\"elementor-screen-only\">Envelope<\/span>\n\t\t\t\t\t\t<svg class=\"e-font-icon-svg e-fas-envelope\" viewbox=\"0 0 512 512\" xmlns=\"http:\/\/www.w3.org\/2000\/svg\"><path d=\"M502.3 190.8c3.9-3.1 9.7-.2 9.7 4.7V400c0 26.5-21.5 48-48 48H48c-26.5 0-48-21.5-48-48V195.6c0-5 5.7-7.8 9.7-4.7 22.4 17.4 52.1 39.5 154.1 113.6 21.1 15.4 56.7 47.8 92.2 47.6 35.7.3 72-32.8 92.3-47.6 102-74.1 131.6-96.3 154-113.7zM256 320c23.2.4 56.6-29.2 73.4-41.4 132.7-96.3 142.8-104.7 173.4-128.7 5.8-4.5 9.2-11.5 9.2-18.9v-19c0-26.5-21.5-48-48-48H48C21.5 64 0 85.5 0 112v19c0 7.4 3.4 14.3 9.2 18.9 30.6 23.9 40.7 32.4 173.4 128.7 16.8 12.2 50.2 41.8 73.4 41.4z\"><\/path><\/svg>\t\t\t\t\t<\/a>\n\t\t\t\t<\/span>\n\t\t\t\t\t<\/div>\n\t\t\t\t\t\t<\/div>\n\t\t\t\t<\/div>\n\t\t\t\t\t<\/div>\n\t\t\t\t<\/div>\n\t\t\t\t<\/div>","protected":false},"excerpt":{"rendered":"<p>La despensa Donde guardo los peque\u00f1os tesoros para los amantes del vino. En esta despensa encontrar\u00e1s lo esencial para cualquier winelover: productos exclusivos que combinan dise\u00f1o y amor por el vino. Desde l\u00e1minas decorativas hasta accesorios \u00fanicos, aqu\u00ed est\u00e1 todo lo que necesitas para disfrutar del mundo del vino con estilo. Explora la despensa \u00bfHABLAMOS? [&hellip;]<\/p>","protected":false},"author":1,"featured_media":0,"parent":0,"menu_order":0,"comment_status":"closed","ping_status":"closed","template":"","meta":{"footnotes":""},"class_list":["post-711","page","type-page","status-publish","hentry"],"yoast_head":"<!-- This site is optimized with the Yoast SEO plugin v25.6 - https:\/\/yoast.com\/wordpress\/plugins\/seo\/ -->\n<title>Winelover - Carolina Graffigna<\/title>\n<meta name=\"robots\" content=\"index, follow, max-snippet:-1, max-image-preview:large, max-video-preview:-1\" \/>\n<link rel=\"canonical\" href=\"https:\/\/carolinagraffigna.com\/en\/tienda\/\" \/>\n<meta property=\"og:locale\" content=\"en_GB\" \/>\n<meta property=\"og:type\" content=\"article\" \/>\n<meta property=\"og:title\" content=\"Winelover - Carolina Graffigna\" \/>\n<meta property=\"og:description\" content=\"La despensa Donde guardo los peque\u00f1os tesoros para los amantes del vino. En esta despensa encontrar\u00e1s lo esencial para cualquier winelover: productos exclusivos que combinan dise\u00f1o y amor por el vino. Desde l\u00e1minas decorativas hasta accesorios \u00fanicos, aqu\u00ed est\u00e1 todo lo que necesitas para disfrutar del mundo del vino con estilo. Explora la despensa \u00bfHABLAMOS? [&hellip;]\" \/>\n<meta property=\"og:url\" content=\"https:\/\/carolinagraffigna.com\/en\/tienda\/\" \/>\n<meta property=\"og:site_name\" content=\"Carolina Graffigna\" \/>\n<meta property=\"article:modified_time\" content=\"2025-05-13T09:38:16+00:00\" \/>\n<meta name=\"twitter:card\" content=\"summary_large_image\" \/>\n<meta name=\"twitter:label1\" content=\"Estimated reading time\" \/>\n\t<meta name=\"twitter:data1\" content=\"1 minute\" \/>\n<script type=\"application\/ld+json\" class=\"yoast-schema-graph\">{\"@context\":\"https:\/\/schema.org\",\"@graph\":[{\"@type\":\"WebPage\",\"@id\":\"https:\/\/carolinagraffigna.com\/tienda\/\",\"url\":\"https:\/\/carolinagraffigna.com\/tienda\/\",\"name\":\"Winelover - Carolina Graffigna\",\"isPartOf\":{\"@id\":\"https:\/\/carolinagraffigna.com\/#website\"},\"datePublished\":\"2024-12-03T11:48:03+00:00\",\"dateModified\":\"2025-05-13T09:38:16+00:00\",\"breadcrumb\":{\"@id\":\"https:\/\/carolinagraffigna.com\/tienda\/#breadcrumb\"},\"inLanguage\":\"en-GB\",\"potentialAction\":[{\"@type\":\"ReadAction\",\"target\":[\"https:\/\/carolinagraffigna.com\/tienda\/\"]}]},{\"@type\":\"BreadcrumbList\",\"@id\":\"https:\/\/carolinagraffigna.com\/tienda\/#breadcrumb\",\"itemListElement\":[{\"@type\":\"ListItem\",\"position\":1,\"name\":\"Portada\",\"item\":\"https:\/\/carolinagraffigna.com\/\"},{\"@type\":\"ListItem\",\"position\":2,\"name\":\"Winelover\"}]},{\"@type\":\"WebSite\",\"@id\":\"https:\/\/carolinagraffigna.com\/#website\",\"url\":\"https:\/\/carolinagraffigna.com\/\",\"name\":\"Carolina Graffigna\",\"description\":\"\",\"publisher\":{\"@id\":\"https:\/\/carolinagraffigna.com\/#organization\"},\"potentialAction\":[{\"@type\":\"SearchAction\",\"target\":{\"@type\":\"EntryPoint\",\"urlTemplate\":\"https:\/\/carolinagraffigna.com\/?s={search_term_string}\"},\"query-input\":{\"@type\":\"PropertyValueSpecification\",\"valueRequired\":true,\"valueName\":\"search_term_string\"}}],\"inLanguage\":\"en-GB\"},{\"@type\":\"Organization\",\"@id\":\"https:\/\/carolinagraffigna.com\/#organization\",\"name\":\"Carolina Graffigna\",\"url\":\"https:\/\/carolinagraffigna.com\/\",\"logo\":{\"@type\":\"ImageObject\",\"inLanguage\":\"en-GB\",\"@id\":\"https:\/\/carolinagraffigna.com\/#\/schema\/logo\/image\/\",\"url\":\"https:\/\/carolinagraffigna.com\/wp-content\/uploads\/2024\/10\/Marca-Carolina-Graffigna_2.png\",\"contentUrl\":\"https:\/\/carolinagraffigna.com\/wp-content\/uploads\/2024\/10\/Marca-Carolina-Graffigna_2.png\",\"width\":1576,\"height\":557,\"caption\":\"Carolina Graffigna\"},\"image\":{\"@id\":\"https:\/\/carolinagraffigna.com\/#\/schema\/logo\/image\/\"}}]}<\/script>\n<!-- \/ Yoast SEO plugin. -->","yoast_head_json":{"title":"Winelover - Carolina Graffigna","robots":{"index":"index","follow":"follow","max-snippet":"max-snippet:-1","max-image-preview":"max-image-preview:large","max-video-preview":"max-video-preview:-1"},"canonical":"https:\/\/carolinagraffigna.com\/en\/tienda\/","og_locale":"en_GB","og_type":"article","og_title":"Winelover - Carolina Graffigna","og_description":"La despensa Donde guardo los peque\u00f1os tesoros para los amantes del vino. En esta despensa encontrar\u00e1s lo esencial para cualquier winelover: productos exclusivos que combinan dise\u00f1o y amor por el vino. Desde l\u00e1minas decorativas hasta accesorios \u00fanicos, aqu\u00ed est\u00e1 todo lo que necesitas para disfrutar del mundo del vino con estilo. Explora la despensa \u00bfHABLAMOS? [&hellip;]","og_url":"https:\/\/carolinagraffigna.com\/en\/tienda\/","og_site_name":"Carolina Graffigna","article_modified_time":"2025-05-13T09:38:16+00:00","twitter_card":"summary_large_image","twitter_misc":{"Estimated reading time":"1 minute"},"schema":{"@context":"https:\/\/schema.org","@graph":[{"@type":"WebPage","@id":"https:\/\/carolinagraffigna.com\/tienda\/","url":"https:\/\/carolinagraffigna.com\/tienda\/","name":"Winelover - Carolina Graffigna","isPartOf":{"@id":"https:\/\/carolinagraffigna.com\/#website"},"datePublished":"2024-12-03T11:48:03+00:00","dateModified":"2025-05-13T09:38:16+00:00","breadcrumb":{"@id":"https:\/\/carolinagraffigna.com\/tienda\/#breadcrumb"},"inLanguage":"en-GB","potentialAction":[{"@type":"ReadAction","target":["https:\/\/carolinagraffigna.com\/tienda\/"]}]},{"@type":"BreadcrumbList","@id":"https:\/\/carolinagraffigna.com\/tienda\/#breadcrumb","itemListElement":[{"@type":"ListItem","position":1,"name":"Portada","item":"https:\/\/carolinagraffigna.com\/"},{"@type":"ListItem","position":2,"name":"Winelover"}]},{"@type":"WebSite","@id":"https:\/\/carolinagraffigna.com\/#website","url":"https:\/\/carolinagraffigna.com\/","name":"Carolina Graffigna","description":"","publisher":{"@id":"https:\/\/carolinagraffigna.com\/#organization"},"potentialAction":[{"@type":"SearchAction","target":{"@type":"EntryPoint","urlTemplate":"https:\/\/carolinagraffigna.com\/?s={search_term_string}"},"query-input":{"@type":"PropertyValueSpecification","valueRequired":true,"valueName":"search_term_string"}}],"inLanguage":"en-GB"},{"@type":"Organization","@id":"https:\/\/carolinagraffigna.com\/#organization","name":"Carolina Graffigna","url":"https:\/\/carolinagraffigna.com\/","logo":{"@type":"ImageObject","inLanguage":"en-GB","@id":"https:\/\/carolinagraffigna.com\/#\/schema\/logo\/image\/","url":"https:\/\/carolinagraffigna.com\/wp-content\/uploads\/2024\/10\/Marca-Carolina-Graffigna_2.png","contentUrl":"https:\/\/carolinagraffigna.com\/wp-content\/uploads\/2024\/10\/Marca-Carolina-Graffigna_2.png","width":1576,"height":557,"caption":"Carolina Graffigna"},"image":{"@id":"https:\/\/carolinagraffigna.com\/#\/schema\/logo\/image\/"}}]}},"_links":{"self":[{"href":"https:\/\/carolinagraffigna.com\/en\/wp-json\/wp\/v2\/pages\/711","targetHints":{"allow":["GET"]}}],"collection":[{"href":"https:\/\/carolinagraffigna.com\/en\/wp-json\/wp\/v2\/pages"}],"about":[{"href":"https:\/\/carolinagraffigna.com\/en\/wp-json\/wp\/v2\/types\/page"}],"author":[{"embeddable":true,"href":"https:\/\/carolinagraffigna.com\/en\/wp-json\/wp\/v2\/users\/1"}],"replies":[{"embeddable":true,"href":"https:\/\/carolinagraffigna.com\/en\/wp-json\/wp\/v2\/comments?post=711"}],"version-history":[{"count":0,"href":"https:\/\/carolinagraffigna.com\/en\/wp-json\/wp\/v2\/pages\/711\/revisions"}],"wp:attachment":[{"href":"https:\/\/carolinagraffigna.com\/en\/wp-json\/wp\/v2\/media?parent=711"}],"curies":[{"name":"wp","href":"https:\/\/api.w.org\/{rel}","templated":true}]}}