{"id":1471,"date":"2025-01-08T10:43:34","date_gmt":"2025-01-08T09:43:34","guid":{"rendered":"https:\/\/jumpers.work\/carolinagraffigna\/?page_id=1471"},"modified":"2025-01-08T10:45:03","modified_gmt":"2025-01-08T09:45:03","slug":"politica-de-cookies","status":"publish","type":"page","link":"https:\/\/carolinagraffigna.com\/en\/politica-de-cookies\/","title":{"rendered":"Cookie Policy"},"content":{"rendered":"<div data-elementor-type=\"wp-page\" data-elementor-id=\"1471\" class=\"elementor elementor-1471\" data-elementor-post-type=\"page\">\n\t\t\t\t<div class=\"elementor-element elementor-element-0f88e90 e-con-full e-flex e-con e-parent\" data-id=\"0f88e90\" data-element_type=\"container\">\n\t\t\t\t<div class=\"elementor-element elementor-element-93cbb5c elementor-widget elementor-widget-heading\" data-id=\"93cbb5c\" data-element_type=\"widget\" data-widget_type=\"heading.default\">\n\t\t\t\t<div class=\"elementor-widget-container\">\n\t\t\t\t\t<h2 class=\"elementor-heading-title elementor-size-default\">Cookie Policy<\/h2>\t\t\t\t<\/div>\n\t\t\t\t<\/div>\n\t\t\t\t<div class=\"elementor-element elementor-element-512bdb2 elementor-widget elementor-widget-text-editor\" data-id=\"512bdb2\" data-element_type=\"widget\" data-widget_type=\"text-editor.default\">\n\t\t\t\t<div class=\"elementor-widget-container\">\n\t\t\t\t\t\t\t\t\t<p><strong>1. \u00bfQu\u00e9 son las Cookies?<\/strong><br \/>Una cookie es un peque\u00f1o archivo de texto que se almacena en tu navegador cuando visitas la mayor\u00eda de los sitios web. Su utilidad es permitir que el sitio recuerde tu visita cuando vuelvas a navegar por esa p\u00e1gina.<\/p><p>Las cookies suelen almacenar informaci\u00f3n t\u00e9cnica, preferencias personales, personalizaci\u00f3n de contenidos, estad\u00edsticas de uso, enlaces a redes sociales, acceso a cuentas de usuario, etc. Su objetivo es adaptar el contenido del sitio web a tu perfil y necesidades.<\/p><p><strong>2. Tipos de Cookies Utilizadas<\/strong><br \/>Este sitio web utiliza los siguientes tipos de cookies:<\/p><ul><li><strong>Cookies t\u00e9cnicas<\/strong>: Necesarias para el correcto funcionamiento del sitio web y la utilizaci\u00f3n de las diferentes opciones o servicios que ofrece.<\/li><li><strong>Cookies de personalizaci\u00f3n<\/strong>: Permiten recordar informaci\u00f3n para que el usuario acceda al servicio con determinadas caracter\u00edsticas personalizadas, como el idioma o el tipo de navegador.<\/li><li><strong>Cookies anal\u00edticas<\/strong>: Nos ayudan a entender c\u00f3mo interact\u00faan los visitantes con el sitio web recopilando y proporcionando informaci\u00f3n de forma an\u00f3nima.<\/li><li><strong>Cookies publicitarias<\/strong>: Utilizadas para mostrar anuncios relevantes para los usuarios en funci\u00f3n de su comportamiento e intereses.<\/li><li><strong>Cookies de redes sociales<\/strong>: Permiten al usuario interactuar con contenidos en plataformas sociales como Facebook, Instagram o Twitter.<\/li><\/ul><p><strong>3. \u00bfQui\u00e9n utiliza las Cookies?<\/strong><br \/>La informaci\u00f3n almacenada en las cookies es utilizada exclusivamente por este sitio web, a excepci\u00f3n de aquellas identificadas como \u00abcookies de terceros\u00bb, que son empleadas y gestionadas por entidades externas para ofrecer servicios solicitados por nosotros y mejorar la experiencia del usuario.<\/p><p><strong>4. Consentimiento para el Uso de Cookies<\/strong><br \/>Al acceder a este sitio web, aparecer\u00e1 un aviso sobre el uso de cookies, que permite aceptar o rechazar su instalaci\u00f3n. En caso de aceptarlas, se instalar\u00e1n en tu dispositivo, pero podr\u00e1s retirar el consentimiento en cualquier momento elimin\u00e1ndolas de tu navegador.<\/p><p><strong>5. Desactivaci\u00f3n o Eliminaci\u00f3n de Cookies<\/strong><br \/>Puedes permitir, bloquear o eliminar las cookies instaladas en tu dispositivo a trav\u00e9s de la configuraci\u00f3n de tu navegador:<\/p><ul><li><strong>Google Chrome<\/strong>: <a target=\"_new\" rel=\"noopener\">Configuraci\u00f3n de cookies en Chrome<\/a><\/li><li><strong>Mozilla Firefox<\/strong>: <a href=\"https:\/\/support.mozilla.org\/es\/kb\/Deshabilitar%20cookies%20de%20terceros\" target=\"_new\" rel=\"noopener\">Configuraci\u00f3n de cookies en Firefox<\/a><\/li><li><strong>Safari<\/strong>: <a href=\"https:\/\/support.apple.com\/es-es\/guide\/safari\/sfri11471\/mac\" target=\"_new\" rel=\"noopener\">Configuraci\u00f3n de cookies en Safari<\/a><\/li><li><strong>Microsoft Edge<\/strong>: <a href=\"https:\/\/support.microsoft.com\/es-es\/help\/4027947\/microsoft-edge-delete-cookies\" target=\"_new\" rel=\"noopener\">Configuraci\u00f3n de cookies en Edge<\/a><\/li><\/ul><p>Desactivar o eliminar cookies puede afectar a la funcionalidad del sitio web.<\/p><p><strong>6. Cambios en la Pol\u00edtica de Cookies<\/strong><br \/>Nos reservamos el derecho a actualizar esta Pol\u00edtica de Cookies en cualquier momento para adaptarla a nuevas normativas o cambios en el uso de cookies. Se recomienda revisar esta p\u00e1gina peri\u00f3dicamente.<\/p><p><strong>7. Contacto<\/strong><br \/>Si tienes alguna duda sobre esta Pol\u00edtica de Cookies, puedes ponerte en contacto con nosotros en <a class=\"c-link\" href=\"mailto:carolinagraffigna@gmail.com\" target=\"_blank\" rel=\"noopener noreferrer\" data-stringify-link=\"mailto:carolinagraffigna@gmail.com\" data-sk=\"tooltip_parent\" aria-haspopup=\"menu\">carolinagraffigna@gmail.com<\/a>.<\/p>\t\t\t\t\t\t\t\t<\/div>\n\t\t\t\t<\/div>\n\t\t\t\t<\/div>\n\t\t\t\t<\/div>","protected":false},"excerpt":{"rendered":"<p>Pol\u00edtica de Cookies 1. \u00bfQu\u00e9 son las Cookies?Una cookie es un peque\u00f1o archivo de texto que se almacena en tu navegador cuando visitas la mayor\u00eda de los sitios web. Su utilidad es permitir que el sitio recuerde tu visita cuando vuelvas a navegar por esa p\u00e1gina. Las cookies suelen almacenar informaci\u00f3n t\u00e9cnica, preferencias personales, personalizaci\u00f3n [&hellip;]<\/p>","protected":false},"author":1,"featured_media":0,"parent":0,"menu_order":0,"comment_status":"closed","ping_status":"closed","template":"","meta":{"footnotes":""},"class_list":["post-1471","page","type-page","status-publish","hentry"],"yoast_head":"<!-- This site is optimized with the Yoast SEO plugin v25.6 - https:\/\/yoast.com\/wordpress\/plugins\/seo\/ -->\n<title>Pol\u00edtica de Cookies - Carolina Graffigna<\/title>\n<meta name=\"robots\" content=\"index, follow, max-snippet:-1, max-image-preview:large, max-video-preview:-1\" \/>\n<link rel=\"canonical\" href=\"https:\/\/carolinagraffigna.com\/en\/politica-de-cookies\/\" \/>\n<meta property=\"og:locale\" content=\"en_GB\" \/>\n<meta property=\"og:type\" content=\"article\" \/>\n<meta property=\"og:title\" content=\"Pol\u00edtica de Cookies - Carolina Graffigna\" \/>\n<meta property=\"og:description\" content=\"Pol\u00edtica de Cookies 1. \u00bfQu\u00e9 son las Cookies?Una cookie es un peque\u00f1o archivo de texto que se almacena en tu navegador cuando visitas la mayor\u00eda de los sitios web. Su utilidad es permitir que el sitio recuerde tu visita cuando vuelvas a navegar por esa p\u00e1gina. Las cookies suelen almacenar informaci\u00f3n t\u00e9cnica, preferencias personales, personalizaci\u00f3n [&hellip;]\" \/>\n<meta property=\"og:url\" content=\"https:\/\/carolinagraffigna.com\/en\/politica-de-cookies\/\" \/>\n<meta property=\"og:site_name\" content=\"Carolina Graffigna\" \/>\n<meta property=\"article:modified_time\" content=\"2025-01-08T09:45:03+00:00\" \/>\n<meta name=\"twitter:card\" content=\"summary_large_image\" \/>\n<meta name=\"twitter:label1\" content=\"Estimated reading time\" \/>\n\t<meta name=\"twitter:data1\" content=\"2 minutes\" \/>\n<script type=\"application\/ld+json\" class=\"yoast-schema-graph\">{\"@context\":\"https:\/\/schema.org\",\"@graph\":[{\"@type\":\"WebPage\",\"@id\":\"https:\/\/carolinagraffigna.com\/politica-de-cookies\/\",\"url\":\"https:\/\/carolinagraffigna.com\/politica-de-cookies\/\",\"name\":\"Pol\u00edtica de Cookies - Carolina Graffigna\",\"isPartOf\":{\"@id\":\"https:\/\/carolinagraffigna.com\/#website\"},\"datePublished\":\"2025-01-08T09:43:34+00:00\",\"dateModified\":\"2025-01-08T09:45:03+00:00\",\"breadcrumb\":{\"@id\":\"https:\/\/carolinagraffigna.com\/politica-de-cookies\/#breadcrumb\"},\"inLanguage\":\"en-GB\",\"potentialAction\":[{\"@type\":\"ReadAction\",\"target\":[\"https:\/\/carolinagraffigna.com\/politica-de-cookies\/\"]}]},{\"@type\":\"BreadcrumbList\",\"@id\":\"https:\/\/carolinagraffigna.com\/politica-de-cookies\/#breadcrumb\",\"itemListElement\":[{\"@type\":\"ListItem\",\"position\":1,\"name\":\"Portada\",\"item\":\"https:\/\/carolinagraffigna.com\/\"},{\"@type\":\"ListItem\",\"position\":2,\"name\":\"Pol\u00edtica de Cookies\"}]},{\"@type\":\"WebSite\",\"@id\":\"https:\/\/carolinagraffigna.com\/#website\",\"url\":\"https:\/\/carolinagraffigna.com\/\",\"name\":\"Carolina Graffigna\",\"description\":\"\",\"publisher\":{\"@id\":\"https:\/\/carolinagraffigna.com\/#organization\"},\"potentialAction\":[{\"@type\":\"SearchAction\",\"target\":{\"@type\":\"EntryPoint\",\"urlTemplate\":\"https:\/\/carolinagraffigna.com\/?s={search_term_string}\"},\"query-input\":{\"@type\":\"PropertyValueSpecification\",\"valueRequired\":true,\"valueName\":\"search_term_string\"}}],\"inLanguage\":\"en-GB\"},{\"@type\":\"Organization\",\"@id\":\"https:\/\/carolinagraffigna.com\/#organization\",\"name\":\"Carolina Graffigna\",\"url\":\"https:\/\/carolinagraffigna.com\/\",\"logo\":{\"@type\":\"ImageObject\",\"inLanguage\":\"en-GB\",\"@id\":\"https:\/\/carolinagraffigna.com\/#\/schema\/logo\/image\/\",\"url\":\"https:\/\/carolinagraffigna.com\/wp-content\/uploads\/2024\/10\/Marca-Carolina-Graffigna_2.png\",\"contentUrl\":\"https:\/\/carolinagraffigna.com\/wp-content\/uploads\/2024\/10\/Marca-Carolina-Graffigna_2.png\",\"width\":1576,\"height\":557,\"caption\":\"Carolina Graffigna\"},\"image\":{\"@id\":\"https:\/\/carolinagraffigna.com\/#\/schema\/logo\/image\/\"}}]}<\/script>\n<!-- \/ Yoast SEO plugin. -->","yoast_head_json":{"title":"Pol\u00edtica de Cookies - Carolina Graffigna","robots":{"index":"index","follow":"follow","max-snippet":"max-snippet:-1","max-image-preview":"max-image-preview:large","max-video-preview":"max-video-preview:-1"},"canonical":"https:\/\/carolinagraffigna.com\/en\/politica-de-cookies\/","og_locale":"en_GB","og_type":"article","og_title":"Pol\u00edtica de Cookies - Carolina Graffigna","og_description":"Pol\u00edtica de Cookies 1. \u00bfQu\u00e9 son las Cookies?Una cookie es un peque\u00f1o archivo de texto que se almacena en tu navegador cuando visitas la mayor\u00eda de los sitios web. Su utilidad es permitir que el sitio recuerde tu visita cuando vuelvas a navegar por esa p\u00e1gina. Las cookies suelen almacenar informaci\u00f3n t\u00e9cnica, preferencias personales, personalizaci\u00f3n [&hellip;]","og_url":"https:\/\/carolinagraffigna.com\/en\/politica-de-cookies\/","og_site_name":"Carolina Graffigna","article_modified_time":"2025-01-08T09:45:03+00:00","twitter_card":"summary_large_image","twitter_misc":{"Estimated reading time":"2 minutes"},"schema":{"@context":"https:\/\/schema.org","@graph":[{"@type":"WebPage","@id":"https:\/\/carolinagraffigna.com\/politica-de-cookies\/","url":"https:\/\/carolinagraffigna.com\/politica-de-cookies\/","name":"Pol\u00edtica de Cookies - Carolina Graffigna","isPartOf":{"@id":"https:\/\/carolinagraffigna.com\/#website"},"datePublished":"2025-01-08T09:43:34+00:00","dateModified":"2025-01-08T09:45:03+00:00","breadcrumb":{"@id":"https:\/\/carolinagraffigna.com\/politica-de-cookies\/#breadcrumb"},"inLanguage":"en-GB","potentialAction":[{"@type":"ReadAction","target":["https:\/\/carolinagraffigna.com\/politica-de-cookies\/"]}]},{"@type":"BreadcrumbList","@id":"https:\/\/carolinagraffigna.com\/politica-de-cookies\/#breadcrumb","itemListElement":[{"@type":"ListItem","position":1,"name":"Portada","item":"https:\/\/carolinagraffigna.com\/"},{"@type":"ListItem","position":2,"name":"Pol\u00edtica de Cookies"}]},{"@type":"WebSite","@id":"https:\/\/carolinagraffigna.com\/#website","url":"https:\/\/carolinagraffigna.com\/","name":"Carolina Graffigna","description":"","publisher":{"@id":"https:\/\/carolinagraffigna.com\/#organization"},"potentialAction":[{"@type":"SearchAction","target":{"@type":"EntryPoint","urlTemplate":"https:\/\/carolinagraffigna.com\/?s={search_term_string}"},"query-input":{"@type":"PropertyValueSpecification","valueRequired":true,"valueName":"search_term_string"}}],"inLanguage":"en-GB"},{"@type":"Organization","@id":"https:\/\/carolinagraffigna.com\/#organization","name":"Carolina Graffigna","url":"https:\/\/carolinagraffigna.com\/","logo":{"@type":"ImageObject","inLanguage":"en-GB","@id":"https:\/\/carolinagraffigna.com\/#\/schema\/logo\/image\/","url":"https:\/\/carolinagraffigna.com\/wp-content\/uploads\/2024\/10\/Marca-Carolina-Graffigna_2.png","contentUrl":"https:\/\/carolinagraffigna.com\/wp-content\/uploads\/2024\/10\/Marca-Carolina-Graffigna_2.png","width":1576,"height":557,"caption":"Carolina Graffigna"},"image":{"@id":"https:\/\/carolinagraffigna.com\/#\/schema\/logo\/image\/"}}]}},"_links":{"self":[{"href":"https:\/\/carolinagraffigna.com\/en\/wp-json\/wp\/v2\/pages\/1471","targetHints":{"allow":["GET"]}}],"collection":[{"href":"https:\/\/carolinagraffigna.com\/en\/wp-json\/wp\/v2\/pages"}],"about":[{"href":"https:\/\/carolinagraffigna.com\/en\/wp-json\/wp\/v2\/types\/page"}],"author":[{"embeddable":true,"href":"https:\/\/carolinagraffigna.com\/en\/wp-json\/wp\/v2\/users\/1"}],"replies":[{"embeddable":true,"href":"https:\/\/carolinagraffigna.com\/en\/wp-json\/wp\/v2\/comments?post=1471"}],"version-history":[{"count":0,"href":"https:\/\/carolinagraffigna.com\/en\/wp-json\/wp\/v2\/pages\/1471\/revisions"}],"wp:attachment":[{"href":"https:\/\/carolinagraffigna.com\/en\/wp-json\/wp\/v2\/media?parent=1471"}],"curies":[{"name":"wp","href":"https:\/\/api.w.org\/{rel}","templated":true}]}}