{"id":1459,"date":"2025-01-08T10:05:27","date_gmt":"2025-01-08T09:05:27","guid":{"rendered":"https:\/\/jumpers.work\/carolinagraffigna\/?page_id=1459"},"modified":"2025-01-09T10:22:39","modified_gmt":"2025-01-09T09:22:39","slug":"aviso-legal","status":"publish","type":"page","link":"https:\/\/carolinagraffigna.com\/en\/aviso-legal\/","title":{"rendered":"Legal Notice"},"content":{"rendered":"<div data-elementor-type=\"wp-page\" data-elementor-id=\"1459\" class=\"elementor elementor-1459\" data-elementor-post-type=\"page\">\n\t\t\t\t<div class=\"elementor-element elementor-element-0f88e90 e-con-full e-flex e-con e-parent\" data-id=\"0f88e90\" data-element_type=\"container\">\n\t\t\t\t<div class=\"elementor-element elementor-element-93cbb5c elementor-widget elementor-widget-heading\" data-id=\"93cbb5c\" data-element_type=\"widget\" data-widget_type=\"heading.default\">\n\t\t\t\t<div class=\"elementor-widget-container\">\n\t\t\t\t\t<h2 class=\"elementor-heading-title elementor-size-default\">Legal Notice<\/h2>\t\t\t\t<\/div>\n\t\t\t\t<\/div>\n\t\t\t\t<div class=\"elementor-element elementor-element-512bdb2 elementor-widget elementor-widget-text-editor\" data-id=\"512bdb2\" data-element_type=\"widget\" data-widget_type=\"text-editor.default\">\n\t\t\t\t<div class=\"elementor-widget-container\">\n\t\t\t\t\t\t\t\t\t<p><strong>1. Informaci\u00f3n General<\/strong><br \/>En cumplimiento con el deber de informaci\u00f3n recogido en el art\u00edculo 10 de la Ley 34\/2002, de 11 de julio, de Servicios de la Sociedad de la Informaci\u00f3n y del Comercio Electr\u00f3nico, se hace constar:<\/p><ul><li><strong>Titular de la web<\/strong>: Agencia de dise\u00f1o Carolina Graffigna<\/li><li><strong>Domicilio social<\/strong>: Calle Eugenio 1 2\u00baB<\/li><li><strong>NIF\/CIF<\/strong>: 555305665A<\/li><li><strong>Tel\u00e9fono de contacto<\/strong>: +34 633 446 441<\/li><li><strong>Correo electr\u00f3nico<\/strong>: carolinagraffigna@gmail.com<\/li><\/ul><p><strong>2. Condiciones de Uso<\/strong><br \/>El acceso y\/o uso de este sitio web atribuye la condici\u00f3n de usuario, aceptando, desde dicho acceso y\/o uso, las presentes condiciones generales de uso.<br \/>El usuario se compromete a hacer un uso adecuado de los contenidos y servicios ofrecidos en esta web y a no emplearlos para:<\/p><ul><li>Incurrir en actividades il\u00edcitas o contrarias a la buena fe y al orden p\u00fablico.<\/li><li>Difundir contenidos o propaganda de car\u00e1cter racista, xen\u00f3fobo, pornogr\u00e1fico, ilegal, apolog\u00eda del terrorismo o que atenten contra los derechos humanos.<\/li><li>Provocar da\u00f1os en los sistemas f\u00edsicos y l\u00f3gicos del titular de la web, de sus proveedores o de terceras personas.<\/li><\/ul><p><strong>3. Propiedad Intelectual e Industrial<\/strong><br \/>Todos los contenidos de este sitio web (textos, im\u00e1genes, gr\u00e1ficos, logos, iconos, software, etc.) est\u00e1n protegidos por la legislaci\u00f3n vigente en materia de propiedad intelectual e industrial. Queda prohibida su reproducci\u00f3n, distribuci\u00f3n o modificaci\u00f3n sin la autorizaci\u00f3n expresa del titular.<\/p><p><strong>4. Protecci\u00f3n de Datos<\/strong><br \/>El titular se compromete a cumplir con la normativa vigente en materia de protecci\u00f3n de datos personales y garantiza el cumplimiento \u00edntegro de las obligaciones establecidas por el Reglamento General de Protecci\u00f3n de Datos (UE) 2016\/679 (RGPD).<br \/>Para m\u00e1s informaci\u00f3n, consulte nuestra [Pol\u00edtica de Privacidad].<\/p><p><strong>5. Responsabilidad<\/strong><br \/>El titular no se hace responsable de los da\u00f1os y perjuicios que pudieran derivarse del uso indebido de esta p\u00e1gina web ni de los contenidos enlazados desde ella.<\/p><p><strong>6. Legislaci\u00f3n Aplicable y Jurisdicci\u00f3n<\/strong><br \/>La relaci\u00f3n entre el titular y el usuario se regir\u00e1 por la normativa espa\u00f1ola vigente, y cualquier<\/p>\t\t\t\t\t\t\t\t<\/div>\n\t\t\t\t<\/div>\n\t\t\t\t<\/div>\n\t\t\t\t<\/div>","protected":false},"excerpt":{"rendered":"<p>Aviso Legal 1. Informaci\u00f3n GeneralEn cumplimiento con el deber de informaci\u00f3n recogido en el art\u00edculo 10 de la Ley 34\/2002, de 11 de julio, de Servicios de la Sociedad de la Informaci\u00f3n y del Comercio Electr\u00f3nico, se hace constar: Titular de la web: Agencia de dise\u00f1o Carolina Graffigna Domicilio social: Calle Eugenio 1 2\u00baB NIF\/CIF: [&hellip;]<\/p>","protected":false},"author":1,"featured_media":0,"parent":0,"menu_order":0,"comment_status":"closed","ping_status":"closed","template":"","meta":{"footnotes":""},"class_list":["post-1459","page","type-page","status-publish","hentry"],"yoast_head":"<!-- This site is optimized with the Yoast SEO plugin v25.6 - https:\/\/yoast.com\/wordpress\/plugins\/seo\/ -->\n<title>Aviso Legal - Carolina Graffigna<\/title>\n<meta name=\"robots\" content=\"index, follow, max-snippet:-1, max-image-preview:large, max-video-preview:-1\" \/>\n<link rel=\"canonical\" href=\"https:\/\/carolinagraffigna.com\/en\/aviso-legal\/\" \/>\n<meta property=\"og:locale\" content=\"en_GB\" \/>\n<meta property=\"og:type\" content=\"article\" \/>\n<meta property=\"og:title\" content=\"Aviso Legal - Carolina Graffigna\" \/>\n<meta property=\"og:description\" content=\"Aviso Legal 1. Informaci\u00f3n GeneralEn cumplimiento con el deber de informaci\u00f3n recogido en el art\u00edculo 10 de la Ley 34\/2002, de 11 de julio, de Servicios de la Sociedad de la Informaci\u00f3n y del Comercio Electr\u00f3nico, se hace constar: Titular de la web: Agencia de dise\u00f1o Carolina Graffigna Domicilio social: Calle Eugenio 1 2\u00baB NIF\/CIF: [&hellip;]\" \/>\n<meta property=\"og:url\" content=\"https:\/\/carolinagraffigna.com\/en\/aviso-legal\/\" \/>\n<meta property=\"og:site_name\" content=\"Carolina Graffigna\" \/>\n<meta property=\"article:modified_time\" content=\"2025-01-09T09:22:39+00:00\" \/>\n<meta name=\"twitter:card\" content=\"summary_large_image\" \/>\n<meta name=\"twitter:label1\" content=\"Estimated reading time\" \/>\n\t<meta name=\"twitter:data1\" content=\"2 minutes\" \/>\n<script type=\"application\/ld+json\" class=\"yoast-schema-graph\">{\"@context\":\"https:\/\/schema.org\",\"@graph\":[{\"@type\":\"WebPage\",\"@id\":\"https:\/\/carolinagraffigna.com\/aviso-legal\/\",\"url\":\"https:\/\/carolinagraffigna.com\/aviso-legal\/\",\"name\":\"Aviso Legal - Carolina Graffigna\",\"isPartOf\":{\"@id\":\"https:\/\/carolinagraffigna.com\/#website\"},\"datePublished\":\"2025-01-08T09:05:27+00:00\",\"dateModified\":\"2025-01-09T09:22:39+00:00\",\"breadcrumb\":{\"@id\":\"https:\/\/carolinagraffigna.com\/aviso-legal\/#breadcrumb\"},\"inLanguage\":\"en-GB\",\"potentialAction\":[{\"@type\":\"ReadAction\",\"target\":[\"https:\/\/carolinagraffigna.com\/aviso-legal\/\"]}]},{\"@type\":\"BreadcrumbList\",\"@id\":\"https:\/\/carolinagraffigna.com\/aviso-legal\/#breadcrumb\",\"itemListElement\":[{\"@type\":\"ListItem\",\"position\":1,\"name\":\"Portada\",\"item\":\"https:\/\/carolinagraffigna.com\/\"},{\"@type\":\"ListItem\",\"position\":2,\"name\":\"Aviso Legal\"}]},{\"@type\":\"WebSite\",\"@id\":\"https:\/\/carolinagraffigna.com\/#website\",\"url\":\"https:\/\/carolinagraffigna.com\/\",\"name\":\"Carolina Graffigna\",\"description\":\"\",\"publisher\":{\"@id\":\"https:\/\/carolinagraffigna.com\/#organization\"},\"potentialAction\":[{\"@type\":\"SearchAction\",\"target\":{\"@type\":\"EntryPoint\",\"urlTemplate\":\"https:\/\/carolinagraffigna.com\/?s={search_term_string}\"},\"query-input\":{\"@type\":\"PropertyValueSpecification\",\"valueRequired\":true,\"valueName\":\"search_term_string\"}}],\"inLanguage\":\"en-GB\"},{\"@type\":\"Organization\",\"@id\":\"https:\/\/carolinagraffigna.com\/#organization\",\"name\":\"Carolina Graffigna\",\"url\":\"https:\/\/carolinagraffigna.com\/\",\"logo\":{\"@type\":\"ImageObject\",\"inLanguage\":\"en-GB\",\"@id\":\"https:\/\/carolinagraffigna.com\/#\/schema\/logo\/image\/\",\"url\":\"https:\/\/carolinagraffigna.com\/wp-content\/uploads\/2024\/10\/Marca-Carolina-Graffigna_2.png\",\"contentUrl\":\"https:\/\/carolinagraffigna.com\/wp-content\/uploads\/2024\/10\/Marca-Carolina-Graffigna_2.png\",\"width\":1576,\"height\":557,\"caption\":\"Carolina Graffigna\"},\"image\":{\"@id\":\"https:\/\/carolinagraffigna.com\/#\/schema\/logo\/image\/\"}}]}<\/script>\n<!-- \/ Yoast SEO plugin. -->","yoast_head_json":{"title":"Aviso Legal - Carolina Graffigna","robots":{"index":"index","follow":"follow","max-snippet":"max-snippet:-1","max-image-preview":"max-image-preview:large","max-video-preview":"max-video-preview:-1"},"canonical":"https:\/\/carolinagraffigna.com\/en\/aviso-legal\/","og_locale":"en_GB","og_type":"article","og_title":"Aviso Legal - Carolina Graffigna","og_description":"Aviso Legal 1. Informaci\u00f3n GeneralEn cumplimiento con el deber de informaci\u00f3n recogido en el art\u00edculo 10 de la Ley 34\/2002, de 11 de julio, de Servicios de la Sociedad de la Informaci\u00f3n y del Comercio Electr\u00f3nico, se hace constar: Titular de la web: Agencia de dise\u00f1o Carolina Graffigna Domicilio social: Calle Eugenio 1 2\u00baB NIF\/CIF: [&hellip;]","og_url":"https:\/\/carolinagraffigna.com\/en\/aviso-legal\/","og_site_name":"Carolina Graffigna","article_modified_time":"2025-01-09T09:22:39+00:00","twitter_card":"summary_large_image","twitter_misc":{"Estimated reading time":"2 minutes"},"schema":{"@context":"https:\/\/schema.org","@graph":[{"@type":"WebPage","@id":"https:\/\/carolinagraffigna.com\/aviso-legal\/","url":"https:\/\/carolinagraffigna.com\/aviso-legal\/","name":"Aviso Legal - Carolina Graffigna","isPartOf":{"@id":"https:\/\/carolinagraffigna.com\/#website"},"datePublished":"2025-01-08T09:05:27+00:00","dateModified":"2025-01-09T09:22:39+00:00","breadcrumb":{"@id":"https:\/\/carolinagraffigna.com\/aviso-legal\/#breadcrumb"},"inLanguage":"en-GB","potentialAction":[{"@type":"ReadAction","target":["https:\/\/carolinagraffigna.com\/aviso-legal\/"]}]},{"@type":"BreadcrumbList","@id":"https:\/\/carolinagraffigna.com\/aviso-legal\/#breadcrumb","itemListElement":[{"@type":"ListItem","position":1,"name":"Portada","item":"https:\/\/carolinagraffigna.com\/"},{"@type":"ListItem","position":2,"name":"Aviso Legal"}]},{"@type":"WebSite","@id":"https:\/\/carolinagraffigna.com\/#website","url":"https:\/\/carolinagraffigna.com\/","name":"Carolina Graffigna","description":"","publisher":{"@id":"https:\/\/carolinagraffigna.com\/#organization"},"potentialAction":[{"@type":"SearchAction","target":{"@type":"EntryPoint","urlTemplate":"https:\/\/carolinagraffigna.com\/?s={search_term_string}"},"query-input":{"@type":"PropertyValueSpecification","valueRequired":true,"valueName":"search_term_string"}}],"inLanguage":"en-GB"},{"@type":"Organization","@id":"https:\/\/carolinagraffigna.com\/#organization","name":"Carolina Graffigna","url":"https:\/\/carolinagraffigna.com\/","logo":{"@type":"ImageObject","inLanguage":"en-GB","@id":"https:\/\/carolinagraffigna.com\/#\/schema\/logo\/image\/","url":"https:\/\/carolinagraffigna.com\/wp-content\/uploads\/2024\/10\/Marca-Carolina-Graffigna_2.png","contentUrl":"https:\/\/carolinagraffigna.com\/wp-content\/uploads\/2024\/10\/Marca-Carolina-Graffigna_2.png","width":1576,"height":557,"caption":"Carolina Graffigna"},"image":{"@id":"https:\/\/carolinagraffigna.com\/#\/schema\/logo\/image\/"}}]}},"_links":{"self":[{"href":"https:\/\/carolinagraffigna.com\/en\/wp-json\/wp\/v2\/pages\/1459","targetHints":{"allow":["GET"]}}],"collection":[{"href":"https:\/\/carolinagraffigna.com\/en\/wp-json\/wp\/v2\/pages"}],"about":[{"href":"https:\/\/carolinagraffigna.com\/en\/wp-json\/wp\/v2\/types\/page"}],"author":[{"embeddable":true,"href":"https:\/\/carolinagraffigna.com\/en\/wp-json\/wp\/v2\/users\/1"}],"replies":[{"embeddable":true,"href":"https:\/\/carolinagraffigna.com\/en\/wp-json\/wp\/v2\/comments?post=1459"}],"version-history":[{"count":0,"href":"https:\/\/carolinagraffigna.com\/en\/wp-json\/wp\/v2\/pages\/1459\/revisions"}],"wp:attachment":[{"href":"https:\/\/carolinagraffigna.com\/en\/wp-json\/wp\/v2\/media?parent=1459"}],"curies":[{"name":"wp","href":"https:\/\/api.w.org\/{rel}","templated":true}]}}